{"id":114,"date":"2020-07-16T04:16:25","date_gmt":"2020-07-16T04:16:25","guid":{"rendered":"https:\/\/fotoadnan.com\/index.php\/about-us\/"},"modified":"2025-11-16T23:23:52","modified_gmt":"2025-11-16T20:23:52","slug":"about-us","status":"publish","type":"page","link":"https:\/\/fotoadnan.com\/index.php\/about-us\/","title":{"rendered":"About Us"},"content":{"rendered":"\t\t<div data-elementor-type=\"wp-page\" data-elementor-id=\"114\" class=\"elementor elementor-114\" data-elementor-settings=\"{&quot;ha_cmc_init_switcher&quot;:&quot;no&quot;}\">\n\t\t\t\t<div class=\"elementor-element elementor-element-77b693e animated-slow e-con-full e-flex wpr-particle-no wpr-jarallax-no wpr-parallax-no wpr-sticky-section-no wpr-equal-height-no elementor-invisible e-con e-parent\" data-id=\"77b693e\" data-element_type=\"container\" data-e-type=\"container\" data-settings=\"{&quot;background_background&quot;:&quot;classic&quot;,&quot;animation&quot;:&quot;fadeIn&quot;,&quot;_ha_eqh_enable&quot;:false}\">\n\t\t<div class=\"elementor-element elementor-element-05634f7 e-con-full e-flex wpr-particle-no wpr-jarallax-no wpr-parallax-no wpr-sticky-section-no wpr-equal-height-no e-con e-child\" data-id=\"05634f7\" data-element_type=\"container\" data-e-type=\"container\" data-settings=\"{&quot;_ha_eqh_enable&quot;:false}\">\n\t\t\t\t<div class=\"elementor-element elementor-element-f421750 elementor-widget elementor-widget-heading\" data-id=\"f421750\" data-element_type=\"widget\" data-e-type=\"widget\" data-widget_type=\"heading.default\">\n\t\t\t\t<div class=\"elementor-widget-container\">\n\t\t\t\t\t<h1 class=\"elementor-heading-title elementor-size-default\">Hakk\u0131m\u0131zda<\/h1>\t\t\t\t<\/div>\n\t\t\t\t<\/div>\n\t\t\t\t<div class=\"elementor-element elementor-element-d4deae4 elementor-widget elementor-widget-text-editor\" data-id=\"d4deae4\" data-element_type=\"widget\" data-e-type=\"widget\" data-widget_type=\"text-editor.default\">\n\t\t\t\t<div class=\"elementor-widget-container\">\n\t\t\t\t\t\t\t\t\t<p>Selam! Biz Foto Adnan, foto\u011fraf \u00e7ekerken i\u015fi e\u011flenceye d\u00f6n\u00fc\u015ft\u00fcren bir grup foto\u011fraf delisiyiz. Bizimle tan\u0131\u015f\u0131n, s\u0131k\u0131c\u0131 foto\u011fraf \u00e7ekimlerini unutun!<\/p>\t\t\t\t\t\t\t\t<\/div>\n\t\t\t\t<\/div>\n\t\t\t\t<div class=\"elementor-element elementor-element-af2ef89 elementor-widget-divider--view-line elementor-widget elementor-widget-divider\" data-id=\"af2ef89\" data-element_type=\"widget\" data-e-type=\"widget\" data-widget_type=\"divider.default\">\n\t\t\t\t<div class=\"elementor-widget-container\">\n\t\t\t\t\t\t\t<div class=\"elementor-divider\">\n\t\t\t<span class=\"elementor-divider-separator\">\n\t\t\t\t\t\t<\/span>\n\t\t<\/div>\n\t\t\t\t\t\t<\/div>\n\t\t\t\t<\/div>\n\t\t\t\t<\/div>\n\t\t\t\t<\/div>\n\t\t<div class=\"elementor-element elementor-element-5c9516e e-flex e-con-boxed wpr-particle-no wpr-jarallax-no wpr-parallax-no wpr-sticky-section-no wpr-equal-height-no e-con e-parent\" data-id=\"5c9516e\" data-element_type=\"container\" data-e-type=\"container\" data-settings=\"{&quot;_ha_eqh_enable&quot;:false}\">\n\t\t\t\t\t<div class=\"e-con-inner\">\n\t\t\t\t\t<\/div>\n\t\t\t\t<\/div>\n\t\t<div class=\"elementor-element elementor-element-ba87536 animated-slow ops-section e-flex e-con-boxed wpr-particle-no wpr-jarallax-no wpr-parallax-no wpr-sticky-section-no wpr-equal-height-no elementor-invisible e-con e-parent\" data-id=\"ba87536\" data-element_type=\"container\" data-e-type=\"container\" data-settings=\"{&quot;background_background&quot;:&quot;classic&quot;,&quot;animation&quot;:&quot;fadeIn&quot;,&quot;ekit_has_onepagescroll&quot;:&quot;section&quot;,&quot;_ha_eqh_enable&quot;:false}\">\n\t\t\t\t\t<div class=\"e-con-inner\">\n\t\t\t\t<div class=\"elementor-element elementor-element-9a732cb eael-flip-box--3d eael-flipbox-content-align-center elementor-widget elementor-widget-eael-flip-box\" data-id=\"9a732cb\" data-element_type=\"widget\" data-e-type=\"widget\" data-widget_type=\"eael-flip-box.default\">\n\t\t\t\t<div class=\"elementor-widget-container\">\n\t\t\t\t\t        <div class=\"eael-elements-flip-box-container eael-animate-flip eael-animate-up eael-content eael-flip-box-hover eael-flipbox-fixed-height eael-flipbox-dynamic\">\n\n            <div class=\"eael-elements-flip-box-flip-card\">\n                <div class=\"eael-elements-flip-box-front-container\">\n                    \n                    \n                        <div class=\"eael-elements-slider-display-table\">\n                            <div class=\"eael-elements-flip-box-vertical-align\">\n                                <div class=\"eael-elements-flip-box-padding\">\n                                    <div class=\"eael-elements-flip-box-icon-image\">\n                                                                            <\/div>\n                                    <h2 class=\"eael-elements-flip-box-heading\">Biz Kimiz?<\/h2>                                    <div class=\"eael-elements-flip-box-content\">\n\t                                                                        <\/div>\n                                <\/div>\n                            <\/div>\n                        <\/div>\n                                    <\/div>\n\n                <div class=\"eael-elements-flip-box-rear-container\">\n                                                                <div class=\"eael-elements-slider-display-table\">\n                            <div class=\"eael-elements-flip-box-vertical-align\">\n                                <div class=\"eael-elements-flip-box-padding\">\n                                                                                                            <div class=\"eael-elements-flip-box-content\">\n                                        <p>&#8220;1940&#8217;tan beri aral\u0131ks\u0131z olarak, teknolojiyi yak\u0131ndan takip edip s\u00fcrekli kendimizi yenileyerek, do\u011fal ve yapay \u0131\u015f\u0131k alt\u0131nda profesyonel \u00e7ekimler yap\u0131yoruz. Usta ve video sanat\u00e7\u0131lar\u0131n\u0131n bir araya geldi\u011fi geni\u015f bir kadroya sahip i\u015fletmemiz bulunmaktad\u0131r. \u0130stedi\u011finiz t\u00fcm konsept ve t\u00fcrlerde \u00e7ekimler ger\u00e7ekle\u015ftiriyoruz.&#8221;<\/p>                                    <\/div>\n\n                                                                    <\/div>\n                            <\/div>\n                        <\/div>\n                                    <\/div>\n            <\/div>\n        <\/div>\n        \t\t\t\t<\/div>\n\t\t\t\t<\/div>\n\t\t\t\t\t<\/div>\n\t\t\t\t<\/div>\n\t\t<div class=\"elementor-element elementor-element-a0dcbbd animated-slow e-flex e-con-boxed wpr-particle-no wpr-jarallax-no wpr-parallax-no wpr-sticky-section-no wpr-equal-height-no elementor-invisible e-con e-parent\" data-id=\"a0dcbbd\" data-element_type=\"container\" data-e-type=\"container\" data-settings=\"{&quot;background_background&quot;:&quot;classic&quot;,&quot;animation&quot;:&quot;fadeIn&quot;,&quot;_ha_eqh_enable&quot;:false}\">\n\t\t\t\t\t<div class=\"e-con-inner\">\n\t\t\t\t<div class=\"elementor-element elementor-element-d7cb4c1 eael-flip-box--3d eael-flipbox-content-align-center elementor-widget elementor-widget-eael-flip-box\" data-id=\"d7cb4c1\" data-element_type=\"widget\" data-e-type=\"widget\" data-widget_type=\"eael-flip-box.default\">\n\t\t\t\t<div class=\"elementor-widget-container\">\n\t\t\t\t\t        <div class=\"eael-elements-flip-box-container eael-animate-flip eael-animate-up eael-content eael-flip-box-hover eael-flipbox-fixed-height eael-flipbox-dynamic\">\n\n            <div class=\"eael-elements-flip-box-flip-card\">\n                <div class=\"eael-elements-flip-box-front-container\">\n                    \n                    \n                        <div class=\"eael-elements-slider-display-table\">\n                            <div class=\"eael-elements-flip-box-vertical-align\">\n                                <div class=\"eael-elements-flip-box-padding\">\n                                    <div class=\"eael-elements-flip-box-icon-image\">\n                                                                            <\/div>\n                                    <h2 class=\"eael-elements-flip-box-heading\">Neler Yap\u0131yoruz?<\/h2>                                    <div class=\"eael-elements-flip-box-content\">\n\t                                                                        <\/div>\n                                <\/div>\n                            <\/div>\n                        <\/div>\n                                    <\/div>\n\n                <div class=\"eael-elements-flip-box-rear-container\">\n                                                                <div class=\"eael-elements-slider-display-table\">\n                            <div class=\"eael-elements-flip-box-vertical-align\">\n                                <div class=\"eael-elements-flip-box-padding\">\n                                                                                                            <div class=\"eael-elements-flip-box-content\">\n                                        <p>&#8220;Foto\u011fraf sanat\u0131na tutkuyla ba\u011fl\u0131y\u0131z ve yenilik\u00e7i ve \u00f6zg\u00fcn \u00e7al\u0131\u015fmalarla iz b\u0131rak\u0131yoruz. D\u00fc\u011f\u00fcn \u00e7ekimlerinden ni\u015fan foto\u011fraf\u00e7\u0131l\u0131\u011f\u0131na ve ki\u015fisel foto\u011fraf\u00e7\u0131l\u0131\u011fa kadar geni\u015f bir yelpazede hizmet sunuyoruz. Do\u011fay\u0131 ve teknolojiyi ayn\u0131 karede bulu\u015fturarak, sizin \u00f6zel anlar\u0131n\u0131z\u0131 ve \u00fcr\u00fcnlerinizi en etkileyici \u015fekilde belgelemek i\u00e7in buraday\u0131z.&#8221;<\/p>                                    <\/div>\n\n                                                                    <\/div>\n                            <\/div>\n                        <\/div>\n                                    <\/div>\n            <\/div>\n        <\/div>\n        \t\t\t\t<\/div>\n\t\t\t\t<\/div>\n\t\t\t\t\t<\/div>\n\t\t\t\t<\/div>\n\t\t<div class=\"elementor-element elementor-element-32bd8e6 animated-slow e-flex e-con-boxed wpr-particle-no wpr-jarallax-no wpr-parallax-no wpr-sticky-section-no wpr-equal-height-no elementor-invisible e-con e-parent\" data-id=\"32bd8e6\" data-element_type=\"container\" data-e-type=\"container\" data-settings=\"{&quot;background_background&quot;:&quot;classic&quot;,&quot;animation&quot;:&quot;fadeIn&quot;,&quot;_ha_eqh_enable&quot;:false}\">\n\t\t\t\t\t<div class=\"e-con-inner\">\n\t\t\t\t<div class=\"elementor-element elementor-element-364dc4a eael-flip-box--3d eael-flipbox-content-align-center elementor-widget elementor-widget-eael-flip-box\" data-id=\"364dc4a\" data-element_type=\"widget\" data-e-type=\"widget\" data-widget_type=\"eael-flip-box.default\">\n\t\t\t\t<div class=\"elementor-widget-container\">\n\t\t\t\t\t        <div class=\"eael-elements-flip-box-container eael-animate-flip eael-animate-up eael-content eael-flip-box-hover eael-flipbox-fixed-height eael-flipbox-dynamic\">\n\n            <div class=\"eael-elements-flip-box-flip-card\">\n                <div class=\"eael-elements-flip-box-front-container\">\n                    \n                    \n                        <div class=\"eael-elements-slider-display-table\">\n                            <div class=\"eael-elements-flip-box-vertical-align\">\n                                <div class=\"eael-elements-flip-box-padding\">\n                                    <div class=\"eael-elements-flip-box-icon-image\">\n                                                                            <\/div>\n                                    <h2 class=\"eael-elements-flip-box-heading\">Bizimle \u00c7al\u0131\u015fmak Neden Harika?<\/h2>                                    <div class=\"eael-elements-flip-box-content\">\n\t                                                                        <\/div>\n                                <\/div>\n                            <\/div>\n                        <\/div>\n                                    <\/div>\n\n                <div class=\"eael-elements-flip-box-rear-container\">\n                                                                <div class=\"eael-elements-slider-display-table\">\n                            <div class=\"eael-elements-flip-box-vertical-align\">\n                                <div class=\"eael-elements-flip-box-padding\">\n                                                                                                            <div class=\"eael-elements-flip-box-content\">\n                                        <p>&#8220;\u00c7\u00fcnk\u00fc biz sadece foto\u011fraf \u00e7ekmiyoruz, an\u0131lar\u0131n\u0131z\u0131 yakal\u0131yoruz. Profesyonel ekip, kaliteli ekipmanlar ve yarat\u0131c\u0131 dokunu\u015flarla her \u00e7ekimde \u00f6zel bir hikaye yarat\u0131yoruz. Referanslar\u0131m\u0131z ve kulland\u0131\u011f\u0131m\u0131z markalar:<\/p><p>Canon, Nikon, Sony, Panasonic, Profoto, Apple, Samsung, Godox, Manfrotto, Dji, Zhiyun&#8221;<\/p>                                    <\/div>\n\n                                                                    <\/div>\n                            <\/div>\n                        <\/div>\n                                    <\/div>\n            <\/div>\n        <\/div>\n        \t\t\t\t<\/div>\n\t\t\t\t<\/div>\n\t\t\t\t\t<\/div>\n\t\t\t\t<\/div>\n\t\t<div class=\"elementor-element elementor-element-4450aab e-flex e-con-boxed wpr-particle-no wpr-jarallax-no wpr-parallax-no wpr-sticky-section-no wpr-equal-height-no e-con e-parent\" data-id=\"4450aab\" data-element_type=\"container\" data-e-type=\"container\" data-settings=\"{&quot;_ha_eqh_enable&quot;:false}\">\n\t\t\t\t\t<div class=\"e-con-inner\">\n\t\t\t\t\t<\/div>\n\t\t\t\t<\/div>\n\t\t\t\t<\/div>\n\t\t","protected":false},"excerpt":{"rendered":"<p>Hakk\u0131m\u0131zda Selam! Biz Foto Adnan, foto\u011fraf \u00e7ekerken i\u015fi e\u011flenceye d\u00f6n\u00fc\u015ft\u00fcren bir grup foto\u011fraf delisiyiz. Bizimle tan\u0131\u015f\u0131n, s\u0131k\u0131c\u0131 foto\u011fraf \u00e7ekimlerini unutun! Biz Kimiz? &#8220;1940&#8217;tan beri aral\u0131ks\u0131z olarak, teknolojiyi yak\u0131ndan takip edip s\u00fcrekli kendimizi yenileyerek, do\u011fal ve yapay \u0131\u015f\u0131k alt\u0131nda profesyonel \u00e7ekimler yap\u0131yoruz. Usta ve video sanat\u00e7\u0131lar\u0131n\u0131n bir araya geldi\u011fi geni\u015f bir kadroya sahip i\u015fletmemiz bulunmaktad\u0131r. \u0130stedi\u011finiz t\u00fcm konsept ve t\u00fcrlerde \u00e7ekimler ger\u00e7ekle\u015ftiriyoruz.&#8221; Neler Yap\u0131yoruz? &#8220;Foto\u011fraf sanat\u0131na tutkuyla ba\u011fl\u0131y\u0131z ve yenilik\u00e7i ve \u00f6zg\u00fcn \u00e7al\u0131\u015fmalarla iz b\u0131rak\u0131yoruz. D\u00fc\u011f\u00fcn \u00e7ekimlerinden ni\u015fan foto\u011fraf\u00e7\u0131l\u0131\u011f\u0131na ve ki\u015fisel foto\u011fraf\u00e7\u0131l\u0131\u011fa kadar geni\u015f bir yelpazede hizmet sunuyoruz. Do\u011fay\u0131 ve teknolojiyi ayn\u0131 karede bulu\u015fturarak, sizin \u00f6zel anlar\u0131n\u0131z\u0131 ve \u00fcr\u00fcnlerinizi en etkileyici \u015fekilde belgelemek i\u00e7in buraday\u0131z.&#8221; Bizimle \u00c7al\u0131\u015fmak Neden Harika? &#8220;\u00c7\u00fcnk\u00fc biz sadece foto\u011fraf \u00e7ekmiyoruz, an\u0131lar\u0131n\u0131z\u0131 yakal\u0131yoruz. Profesyonel ekip, kaliteli ekipmanlar ve yarat\u0131c\u0131 dokunu\u015flarla her \u00e7ekimde \u00f6zel bir hikaye yarat\u0131yoruz. Referanslar\u0131m\u0131z ve kulland\u0131\u011f\u0131m\u0131z markalar: Canon, Nikon, Sony, Panasonic, Profoto, Apple, Samsung, Godox, Manfrotto, Dji, Zhiyun&#8221;<\/p>\n","protected":false},"author":1,"featured_media":0,"parent":0,"menu_order":0,"comment_status":"closed","ping_status":"closed","template":"","meta":{"_uag_custom_page_level_css":"","site-sidebar-layout":"no-sidebar","site-content-layout":"page-builder","ast-site-content-layout":"default","site-content-style":"default","site-sidebar-style":"default","ast-global-header-display":"","ast-banner-title-visibility":"","ast-main-header-display":"","ast-hfb-above-header-display":"","ast-hfb-below-header-display":"","ast-hfb-mobile-header-display":"","site-post-title":"disabled","ast-breadcrumbs-content":"","ast-featured-img":"disabled","footer-sml-layout":"","theme-transparent-header-meta":"enabled","adv-header-id-meta":"","stick-header-meta":"","header-above-stick-meta":"","header-main-stick-meta":"","header-below-stick-meta":"","astra-migrate-meta-layouts":"default","ast-page-background-enabled":"default","ast-page-background-meta":{"desktop":{"background-color":"","background-image":"","background-repeat":"repeat","background-position":"center center","background-size":"auto","background-attachment":"scroll","background-type":"","background-media":"","overlay-type":"","overlay-color":"","overlay-opacity":"","overlay-gradient":""},"tablet":{"background-color":"","background-image":"","background-repeat":"repeat","background-position":"center center","background-size":"auto","background-attachment":"scroll","background-type":"","background-media":"","overlay-type":"","overlay-color":"","overlay-opacity":"","overlay-gradient":""},"mobile":{"background-color":"","background-image":"","background-repeat":"repeat","background-position":"center center","background-size":"auto","background-attachment":"scroll","background-type":"","background-media":"","overlay-type":"","overlay-color":"","overlay-opacity":"","overlay-gradient":""}},"ast-content-background-meta":{"desktop":{"background-color":"var(--ast-global-color-5)","background-image":"","background-repeat":"repeat","background-position":"center center","background-size":"auto","background-attachment":"scroll","background-type":"","background-media":"","overlay-type":"","overlay-color":"","overlay-opacity":"","overlay-gradient":""},"tablet":{"background-color":"var(--ast-global-color-5)","background-image":"","background-repeat":"repeat","background-position":"center center","background-size":"auto","background-attachment":"scroll","background-type":"","background-media":"","overlay-type":"","overlay-color":"","overlay-opacity":"","overlay-gradient":""},"mobile":{"background-color":"var(--ast-global-color-5)","background-image":"","background-repeat":"repeat","background-position":"center center","background-size":"auto","background-attachment":"scroll","background-type":"","background-media":"","overlay-type":"","overlay-color":"","overlay-opacity":"","overlay-gradient":""}},"footnotes":""},"class_list":["post-114","page","type-page","status-publish","hentry"],"uagb_featured_image_src":{"full":false,"thumbnail":false,"medium":false,"medium_large":false,"large":false,"1536x1536":false,"2048x2048":false,"wpstory-circle":false,"woocommerce_thumbnail":false,"woocommerce_single":false,"woocommerce_gallery_thumbnail":false},"uagb_author_info":{"display_name":"Hasan \u00c7ahan","author_link":"https:\/\/fotoadnan.com\/index.php\/author\/fotoadnan-com\/"},"uagb_comment_info":0,"uagb_excerpt":"Hakk\u0131m\u0131zda Selam! Biz Foto Adnan, foto\u011fraf \u00e7ekerken i\u015fi e\u011flenceye d\u00f6n\u00fc\u015ft\u00fcren bir grup foto\u011fraf delisiyiz. Bizimle tan\u0131\u015f\u0131n, s\u0131k\u0131c\u0131 foto\u011fraf \u00e7ekimlerini unutun! Biz Kimiz? &#8220;1940&#8217;tan beri aral\u0131ks\u0131z olarak, teknolojiyi yak\u0131ndan takip edip s\u00fcrekli kendimizi yenileyerek, do\u011fal ve yapay \u0131\u015f\u0131k alt\u0131nda profesyonel \u00e7ekimler yap\u0131yoruz. Usta ve video sanat\u00e7\u0131lar\u0131n\u0131n bir araya geldi\u011fi geni\u015f bir kadroya sahip i\u015fletmemiz bulunmaktad\u0131r. \u0130stedi\u011finiz&hellip;","jetpack_sharing_enabled":true,"_links":{"self":[{"href":"https:\/\/fotoadnan.com\/index.php\/wp-json\/wp\/v2\/pages\/114","targetHints":{"allow":["GET"]}}],"collection":[{"href":"https:\/\/fotoadnan.com\/index.php\/wp-json\/wp\/v2\/pages"}],"about":[{"href":"https:\/\/fotoadnan.com\/index.php\/wp-json\/wp\/v2\/types\/page"}],"author":[{"embeddable":true,"href":"https:\/\/fotoadnan.com\/index.php\/wp-json\/wp\/v2\/users\/1"}],"replies":[{"embeddable":true,"href":"https:\/\/fotoadnan.com\/index.php\/wp-json\/wp\/v2\/comments?post=114"}],"version-history":[{"count":145,"href":"https:\/\/fotoadnan.com\/index.php\/wp-json\/wp\/v2\/pages\/114\/revisions"}],"predecessor-version":[{"id":2984,"href":"https:\/\/fotoadnan.com\/index.php\/wp-json\/wp\/v2\/pages\/114\/revisions\/2984"}],"wp:attachment":[{"href":"https:\/\/fotoadnan.com\/index.php\/wp-json\/wp\/v2\/media?parent=114"}],"curies":[{"name":"wp","href":"https:\/\/api.w.org\/{rel}","templated":true}]}}