{"id":1191,"date":"2023-12-01T11:08:50","date_gmt":"2023-12-01T08:08:50","guid":{"rendered":"https:\/\/fotoadnan.com\/?post_type=product&#038;p=1191"},"modified":"2024-01-15T18:43:15","modified_gmt":"2024-01-15T15:43:15","slug":"dugun-fotografi","status":"publish","type":"product","link":"https:\/\/fotoadnan.com\/index.php\/urun\/dugun-fotografi\/","title":{"rendered":"D\u00fc\u011f\u00fcn \u00c7ekimi"},"content":{"rendered":"<p>\ud83d\udc8d <strong>D\u00fc\u011f\u00fcn Foto\u011fraf Paketi &#8211; Unutulmaz An\u0131lar\u0131n\u0131z \u0130\u00e7in!<\/strong><\/p>\n<p>Profesyonel foto\u011fraf\u00e7\u0131lar\u0131m\u0131zla d\u00fc\u011f\u00fcn g\u00fcn\u00fcn\u00fcz\u00fc \u00f6l\u00fcms\u00fczle\u015ftirin. Do\u011fal ve samimi anlar\u0131n\u0131z\u0131 yakalayarak \u00f6zel alb\u00fcm\u00fcn\u00fcz\u00fc olu\u015fturuyoruz.<\/p>\n<p>\ud83d\udcf8 <strong>Hizmet Detaylar\u0131:<\/strong><\/p>\n<ul>\n<li>Serbest foto\u011fraf \u00e7ekimi<\/li>\n<li>Y\u00fcksek \u00e7\u00f6z\u00fcn\u00fcrl\u00fckl\u00fc dijital alb\u00fcm<\/li>\n<li>\u00d6zel konseptlere uygun \u00e7ekim se\u00e7enekleri<\/li>\n<\/ul>\n","protected":false},"excerpt":{"rendered":"<div class=\"wapf-field-label wapf--above\">\n<hr \/>\n<p><strong><label>Hizmetler<\/label><\/strong><\/p>\n<\/div>\n<ul>\n<li style=\"text-align: left;\"><span style=\"font-size: 16px; color: #000000;\">Foto\u011fraf \u00c7ekimi \u2714\ufe0f<\/span><\/li>\n<li style=\"text-align: left;\"><span style=\"font-size: 16px; color: #000000;\">Dijital Foto\u011fraf Teslim \u2714\ufe0f<\/span><\/li>\n<\/ul>\n","protected":false},"featured_media":2439,"comment_status":"open","ping_status":"closed","template":"","meta":{"_uag_custom_page_level_css":"","site-sidebar-layout":"default","site-content-layout":"","ast-site-content-layout":"default","site-content-style":"default","site-sidebar-style":"default","ast-global-header-display":"","ast-banner-title-visibility":"","ast-main-header-display":"","ast-hfb-above-header-display":"","ast-hfb-below-header-display":"","ast-hfb-mobile-header-display":"","site-post-title":"","ast-breadcrumbs-content":"","ast-featured-img":"","footer-sml-layout":"disabled","theme-transparent-header-meta":"enabled","adv-header-id-meta":"","stick-header-meta":"","header-above-stick-meta":"","header-main-stick-meta":"","header-below-stick-meta":"","astra-migrate-meta-layouts":"set","ast-page-background-enabled":"default","ast-page-background-meta":{"desktop":{"background-color":"","background-image":"","background-repeat":"repeat","background-position":"center center","background-size":"auto","background-attachment":"scroll","background-type":"","background-media":"","overlay-type":"","overlay-color":"","overlay-opacity":"","overlay-gradient":""},"tablet":{"background-color":"","background-image":"","background-repeat":"repeat","background-position":"center center","background-size":"auto","background-attachment":"scroll","background-type":"","background-media":"","overlay-type":"","overlay-color":"","overlay-opacity":"","overlay-gradient":""},"mobile":{"background-color":"","background-image":"","background-repeat":"repeat","background-position":"center center","background-size":"auto","background-attachment":"scroll","background-type":"","background-media":"","overlay-type":"","overlay-color":"","overlay-opacity":"","overlay-gradient":""}},"ast-content-background-meta":{"desktop":{"background-color":"var(--ast-global-color-5)","background-image":"","background-repeat":"repeat","background-position":"center center","background-size":"auto","background-attachment":"scroll","background-type":"","background-media":"","overlay-type":"","overlay-color":"","overlay-opacity":"","overlay-gradient":""},"tablet":{"background-color":"var(--ast-global-color-5)","background-image":"","background-repeat":"repeat","background-position":"center center","background-size":"auto","background-attachment":"scroll","background-type":"","background-media":"","overlay-type":"","overlay-color":"","overlay-opacity":"","overlay-gradient":""},"mobile":{"background-color":"var(--ast-global-color-5)","background-image":"","background-repeat":"repeat","background-position":"center center","background-size":"auto","background-attachment":"scroll","background-type":"","background-media":"","overlay-type":"","overlay-color":"","overlay-opacity":"","overlay-gradient":""}}},"product_brand":[],"product_cat":[21],"product_tag":[],"class_list":{"0":"post-1191","1":"product","2":"type-product","3":"status-publish","4":"has-post-thumbnail","6":"product_cat-genel","7":"desktop-align-center","8":"tablet-align-left","9":"mobile-align-left","11":"first","12":"instock","13":"sale","14":"sold-individually","15":"purchasable","16":"product-type-simple"},"uagb_featured_image_src":{"full":["https:\/\/fotoadnan.com\/wp-content\/uploads\/2023\/12\/ADNN8586-scaled.jpg",2560,1707,false],"thumbnail":["https:\/\/fotoadnan.com\/wp-content\/uploads\/2023\/12\/ADNN8586-150x150.jpg",150,150,true],"medium":["https:\/\/fotoadnan.com\/wp-content\/uploads\/2023\/12\/ADNN8586-300x200.jpg",300,200,true],"medium_large":["https:\/\/fotoadnan.com\/wp-content\/uploads\/2023\/12\/ADNN8586-768x512.jpg",768,512,true],"large":["https:\/\/fotoadnan.com\/wp-content\/uploads\/2023\/12\/ADNN8586-1024x683.jpg",1024,683,true],"1536x1536":["https:\/\/fotoadnan.com\/wp-content\/uploads\/2023\/12\/ADNN8586-1536x1024.jpg",1536,1024,true],"2048x2048":["https:\/\/fotoadnan.com\/wp-content\/uploads\/2023\/12\/ADNN8586-2048x1365.jpg",2048,1365,true],"wpstory-circle":["https:\/\/fotoadnan.com\/wp-content\/uploads\/2023\/12\/ADNN8586-86x86.jpg",86,86,true],"woocommerce_thumbnail":["https:\/\/fotoadnan.com\/wp-content\/uploads\/2023\/12\/ADNN8586-300x300.jpg",300,300,true],"woocommerce_single":["https:\/\/fotoadnan.com\/wp-content\/uploads\/2023\/12\/ADNN8586-600x400.jpg",600,400,true],"woocommerce_gallery_thumbnail":["https:\/\/fotoadnan.com\/wp-content\/uploads\/2023\/12\/ADNN8586-100x100.jpg",100,100,true]},"uagb_author_info":{"display_name":"Hasan \u00c7ahan","author_link":"https:\/\/fotoadnan.com\/index.php\/author\/"},"uagb_comment_info":2,"uagb_excerpt":"Hizmetler Foto\u011fraf \u00c7ekimi \u2714\ufe0f Dijital Foto\u011fraf Teslim \u2714\ufe0f","jetpack_sharing_enabled":true,"_links":{"self":[{"href":"https:\/\/fotoadnan.com\/index.php\/wp-json\/wp\/v2\/product\/1191","targetHints":{"allow":["GET"]}}],"collection":[{"href":"https:\/\/fotoadnan.com\/index.php\/wp-json\/wp\/v2\/product"}],"about":[{"href":"https:\/\/fotoadnan.com\/index.php\/wp-json\/wp\/v2\/types\/product"}],"replies":[{"embeddable":true,"href":"https:\/\/fotoadnan.com\/index.php\/wp-json\/wp\/v2\/comments?post=1191"}],"wp:featuredmedia":[{"embeddable":true,"href":"https:\/\/fotoadnan.com\/index.php\/wp-json\/wp\/v2\/media\/2439"}],"wp:attachment":[{"href":"https:\/\/fotoadnan.com\/index.php\/wp-json\/wp\/v2\/media?parent=1191"}],"wp:term":[{"taxonomy":"product_brand","embeddable":true,"href":"https:\/\/fotoadnan.com\/index.php\/wp-json\/wp\/v2\/product_brand?post=1191"},{"taxonomy":"product_cat","embeddable":true,"href":"https:\/\/fotoadnan.com\/index.php\/wp-json\/wp\/v2\/product_cat?post=1191"},{"taxonomy":"product_tag","embeddable":true,"href":"https:\/\/fotoadnan.com\/index.php\/wp-json\/wp\/v2\/product_tag?post=1191"}],"curies":[{"name":"wp","href":"https:\/\/api.w.org\/{rel}","templated":true}]}}